{"id":4370,"date":"2019-02-08T09:58:58","date_gmt":"2019-02-08T08:58:58","guid":{"rendered":"https:\/\/martinstiftung.ch\/all\/the-water-is-life-project\/"},"modified":"2025-03-19T11:06:16","modified_gmt":"2025-03-19T10:06:16","slug":"the-water-is-life-project","status":"publish","type":"page","link":"https:\/\/martinstiftung.ch\/en\/the-water-is-life-project\/","title":{"rendered":"The \u00abWater is Life\u00bb project"},"content":{"rendered":"<div class=\"wpb-content-wrapper\"><p>[vc_row type=&#8221;vc_default&#8221;][vc_column]<div id=\"ultimate-heading-123769e4eef7b84e4\" class=\"uvc-heading ult-adjust-bottom-margin ultimate-heading-123769e4eef7b84e4 uvc-9948 \" data-hspacer=\"line_only\"  data-halign=\"left\" style=\"text-align:left\"><div class=\"uvc-main-heading ult-responsive\"  data-ultimate-target='.uvc-heading.ultimate-heading-123769e4eef7b84e4 h2'  data-responsive-json-new='{\"font-size\":\"\",\"line-height\":\"desktop:45px;\"}' ><h2 style=\"--font-weight:theme;margin-top:25px;margin-bottom:10px;\">History of the project<\/h2><\/div><div class=\"uvc-heading-spacer line_only\" style=\"margin-bottom:20px;height:1px;\"><span class=\"uvc-headings-line\" style=\"border-style:solid;border-bottom-width:1px;border-color:#eaeaea;width:autopx;\"><\/span><\/div><\/div>[vc_row_inner equal_height=&#8221;yes&#8221; gap=&#8221;15&#8243;][vc_column_inner][vc_column_text css=&#8221;&#8221;]The \u201cWater is Life\u201d project was launched on the initiative of Urs Egli, a Benedictine priest from Engelberg, who died in 2015. During his time as a missionary in Ot\u00e9l\u00e9 from 1955 to 2012, he found himself confronted with a high infant mortality rate and a population that was in very poor health. One of the main causes of the widespread infectious diseases was contaminated water, which the inhabitants scooped from open bodies of water and puddles.<br \/>\nFather Urs Egli\u2019s idea was to provide villagers with access to the supply of clean water deep under the ground by constructing simple but robust wells.[\/vc_column_text][\/vc_column_inner][\/vc_row_inner][\/vc_column][\/vc_row][vc_row type=&#8221;vc_default&#8221;][vc_column]<div id=\"ultimate-heading-198969e4eef7b8557\" class=\"uvc-heading ult-adjust-bottom-margin ultimate-heading-198969e4eef7b8557 uvc-8601 \" data-hspacer=\"line_only\"  data-halign=\"left\" style=\"text-align:left\"><div class=\"uvc-main-heading ult-responsive\"  data-ultimate-target='.uvc-heading.ultimate-heading-198969e4eef7b8557 h2'  data-responsive-json-new='{\"font-size\":\"\",\"line-height\":\"desktop:45px;\"}' ><h2 style=\"--font-weight:theme;margin-top:25px;margin-bottom:10px;\">Objectives<\/h2><\/div><div class=\"uvc-heading-spacer line_only\" style=\"margin-bottom:20px;height:1px;\"><span class=\"uvc-headings-line\" style=\"border-style:solid;border-bottom-width:1px;border-color:#eaeaea;width:autopx;\"><\/span><\/div><\/div>[vc_row_inner equal_height=&#8221;yes&#8221; gap=&#8221;15&#8243;][vc_column_inner]<div class=\"standard-arrow list-divider bullet-top\"><ul>\n<li>To provide the rural population with naturally cleansed water from deep under the ground, so that they no longer have to drink contaminated surface water.<\/li>\n<li>To construct robust and durable wells that are equipped with sturdy pumps that are simple to operate by hand.<\/li>\n<li>To construct wells exclusively on public land or for charity organisations. The wells have to be accessible for all villagers, i.e. no wells are to be constructed for private use. They are accessible to all villagers. No private wells are being built.<\/li>\n<li>To integrate the local population into the construction work: villagers help with the construction of their well and share responsibility for its maintenance. The local community is required to form a committee responsible for looking after its well, reporting any problems or damage that may arise, and ensuring that money is put aside to cover the costs of repairs.<\/li>\n<li>To ensure the long-term operation of the well by carrying out periodical inspections, maintenance and repairs.<\/li>\n<\/ul>\n<\/div>[\/vc_column_inner][\/vc_row_inner][\/vc_column][\/vc_row][vc_row type=&#8221;vc_default&#8221;][vc_column]<div id=\"ultimate-heading-353069e4eef7b8610\" class=\"uvc-heading ult-adjust-bottom-margin ultimate-heading-353069e4eef7b8610 uvc-437 \" data-hspacer=\"line_only\"  data-halign=\"left\" style=\"text-align:left\"><div class=\"uvc-main-heading ult-responsive\"  data-ultimate-target='.uvc-heading.ultimate-heading-353069e4eef7b8610 h2'  data-responsive-json-new='{\"font-size\":\"\",\"line-height\":\"desktop:45px;\"}' ><h2 style=\"--font-weight:theme;margin-top:25px;margin-bottom:10px;\">Facts and figures<\/h2><\/div><div class=\"uvc-heading-spacer line_only\" style=\"margin-bottom:20px;height:1px;\"><span class=\"uvc-headings-line\" style=\"border-style:solid;border-bottom-width:1px;border-color:#eaeaea;width:autopx;\"><\/span><\/div><\/div>[vc_row_inner equal_height=&#8221;yes&#8221; gap=&#8221;15&#8243;][vc_column_inner width=&#8221;1\/2&#8243;][vc_column_text]When it was launched in 1989, the \u201cWater is Life\u201d project initially set out to construct 44 wells, and subsequently increased this target to 400. In the meantime it has installed more than 1966 wells that provide around 450,000 people with clean drinking water. This is of course a highly pleasing accomplishment, but the need for more wells remains enormous: Around 60 percent of the more than 25 million inhabitants of Cameroon still do not have access to clean drinking water. Requests from rural communities for the construction of wells are still being received almost every day in Ot\u00e9l\u00e9. The \u201cWater is Life\u201d project is able to construct between 40 and 50 wells a year.<\/p>\n<p>In addition to the construction of new wells, the maintenance of existing ones is an important activity for the project personnel. Every day, several teams set out for the purpose of inspecting the existing wells, and carrying out maintenance and repairs as necessary.[\/vc_column_text][\/vc_column_inner][vc_column_inner width=&#8221;1\/2&#8243;][vc_single_image image=&#8221;2645&#8243; img_size=&#8221;full&#8221;][\/vc_column_inner][\/vc_row_inner][\/vc_column][\/vc_row][vc_row type=&#8221;vc_default&#8221;][vc_column]<div id=\"ultimate-heading-70669e4eef7b8b04\" class=\"uvc-heading ult-adjust-bottom-margin ultimate-heading-70669e4eef7b8b04 uvc-9793 \" data-hspacer=\"line_only\"  data-halign=\"left\" style=\"text-align:left\"><div class=\"uvc-main-heading ult-responsive\"  data-ultimate-target='.uvc-heading.ultimate-heading-70669e4eef7b8b04 h2'  data-responsive-json-new='{\"font-size\":\"\",\"line-height\":\"desktop:45px;\"}' ><h2 style=\"--font-weight:theme;margin-top:25px;margin-bottom:10px;\">Information and education<\/h2><\/div><div class=\"uvc-heading-spacer line_only\" style=\"margin-bottom:20px;height:1px;\"><span class=\"uvc-headings-line\" style=\"border-style:solid;border-bottom-width:1px;border-color:#eaeaea;width:autopx;\"><\/span><\/div><\/div>[vc_row_inner equal_height=&#8221;yes&#8221; gap=&#8221;15&#8243;][vc_column_inner width=&#8221;1\/2&#8243;][vc_column_text]By no means all the inhabitants of the rainforest regions of Cameroon are aware of the fact that contaminated water causes numerous diseases. In view of this, the inhabitants of rural communities that are provided with drinking water wells are also given information about the importance of clean water. The project personnel also emphasise the necessity to keep the surroundings of the well clean and operate the pump in the correct manner. Each community is required to nominate people who are responsible for the well and for reporting any problems to the project team.[\/vc_column_text][\/vc_column_inner][vc_column_inner width=&#8221;1\/2&#8243;][vc_single_image image=&#8221;2648&#8243; img_size=&#8221;full&#8221;][\/vc_column_inner][\/vc_row_inner][\/vc_column][\/vc_row][vc_row type=&#8221;vc_default&#8221;][vc_column]<div id=\"ultimate-heading-743969e4eef7b8b59\" class=\"uvc-heading ult-adjust-bottom-margin ultimate-heading-743969e4eef7b8b59 uvc-2093 \" data-hspacer=\"line_only\"  data-halign=\"left\" style=\"text-align:left\"><div class=\"uvc-main-heading ult-responsive\"  data-ultimate-target='.uvc-heading.ultimate-heading-743969e4eef7b8b59 h2'  data-responsive-json-new='{\"font-size\":\"\",\"line-height\":\"desktop:45px;\"}' ><h2 style=\"--font-weight:theme;margin-top:25px;margin-bottom:10px;\">Location<\/h2><\/div><div class=\"uvc-heading-spacer line_only\" style=\"margin-bottom:20px;height:1px;\"><span class=\"uvc-headings-line\" style=\"border-style:solid;border-bottom-width:1px;border-color:#eaeaea;width:autopx;\"><\/span><\/div><\/div>[vc_row_inner equal_height=&#8221;yes&#8221; gap=&#8221;15&#8243;][vc_column_inner width=&#8221;1\/2&#8243;][vc_column_text]Ot\u00e9l\u00e9 is situated approximately 60 kilometres to the southwest of Yaound\u00e9, the capital of Cameroon, and comprises numerous small settlements spread throughout the rainforest. The drinking water project is based in the suburb of Nkolmelen, which can be roughly translated as \u201cPalm Tree Hill\u201d. Approximately 4,000 people live in Ot\u00e9l\u00e9 and its surroundings. Ot\u00e9l\u00e9 has two kindergartens, three primary schools, a high school, a theological college with 150 students, and a small hospital.[\/vc_column_text][\/vc_column_inner][vc_column_inner width=&#8221;1\/2&#8243;][vc_single_image image=&#8221;2651&#8243; img_size=&#8221;full&#8221;][\/vc_column_inner][\/vc_row_inner][\/vc_column][\/vc_row][vc_row type=&#8221;vc_default&#8221;][vc_column]<div id=\"ultimate-heading-878369e4eef7b8b96\" class=\"uvc-heading ult-adjust-bottom-margin ultimate-heading-878369e4eef7b8b96 uvc-831 \" data-hspacer=\"line_only\"  data-halign=\"left\" style=\"text-align:left\"><div class=\"uvc-main-heading ult-responsive\"  data-ultimate-target='.uvc-heading.ultimate-heading-878369e4eef7b8b96 h2'  data-responsive-json-new='{\"font-size\":\"\",\"line-height\":\"desktop:45px;\"}' ><h2 style=\"--font-weight:theme;margin-top:25px;margin-bottom:10px;\">Project infrastructure and geographic area of activity<\/h2><\/div><div class=\"uvc-heading-spacer line_only\" style=\"margin-bottom:20px;height:1px;\"><span class=\"uvc-headings-line\" style=\"border-style:solid;border-bottom-width:1px;border-color:#eaeaea;width:autopx;\"><\/span><\/div><\/div>[vc_row_inner equal_height=&#8221;yes&#8221; gap=&#8221;15&#8243;][vc_column_inner width=&#8221;1\/2&#8243;][vc_column_text]The infrastructure of the project comprises a factory for the production of the various elements for the wells, a repair workshop, offices, a canteen and accommodation for the personnel, vehicles for transporting the elements to the construction sites, plus an own drinking water and power supply. The \u201cWater is Life\u201d project is managed by Swiss personnel and employs around 65 local workers. All its activities are coordinated from Ot\u00e9l\u00e9. These activities are carried out in a rainforest region that encompasses approximately 30,000 square kilometres of often very rough terrain. By way of comparison, the surface area of Switzerland is 41,290 square kilometres.[\/vc_column_text][\/vc_column_inner][vc_column_inner width=&#8221;1\/2&#8243;][vc_single_image image=&#8221;2654&#8243; img_size=&#8221;full&#8221;][\/vc_column_inner][\/vc_row_inner][\/vc_column][\/vc_row][vc_row type=&#8221;vc_default&#8221;][vc_column]<div id=\"ultimate-heading-787769e4eef7b8bcf\" class=\"uvc-heading ult-adjust-bottom-margin ultimate-heading-787769e4eef7b8bcf uvc-413 \" data-hspacer=\"line_only\"  data-halign=\"left\" style=\"text-align:left\"><div class=\"uvc-main-heading ult-responsive\"  data-ultimate-target='.uvc-heading.ultimate-heading-787769e4eef7b8bcf h2'  data-responsive-json-new='{\"font-size\":\"\",\"line-height\":\"desktop:45px;\"}' ><h2 style=\"--font-weight:theme;margin-top:25px;margin-bottom:10px;\">Far-reaching benefits<\/h2><\/div><div class=\"uvc-heading-spacer line_only\" style=\"margin-bottom:20px;height:1px;\"><span class=\"uvc-headings-line\" style=\"border-style:solid;border-bottom-width:1px;border-color:#eaeaea;width:autopx;\"><\/span><\/div><\/div>[vc_row_inner equal_height=&#8221;yes&#8221; gap=&#8221;15&#8243;][vc_column_inner width=&#8221;2\/3&#8243;][vc_column_text]The aid agency \u00abwater is life\u00bb gives the population in Cameroon&#8217;s rainforest areas access to drinking water. The wells, however, are much more than water donors \u2013 they often form the basis for the development of people and village communities:[\/vc_column_text]<div class=\"standard-arrow list-divider bullet-top\"><ul>\n<li>Diseases have been shown to decline noticeably and child mortality is falling significantly. Both help people to be more confident and develop energy to improve their personal situation.<\/li>\n<li>Women and children no longer have to collect water from sites that are often a long way away from their village. This means they can use the time that is saved to go to school or contribute towards the household income.<\/li>\n<li>By forming committees, the villagers can gather experience in self-management and thus promote their own development.<\/li>\n<li>By organising information events, the project personnel can pass on important know-how about health and nutrition.<\/li>\n<\/ul>\n<\/div>[\/vc_column_inner][vc_column_inner width=&#8221;1\/3&#8243;][vc_single_image image=&#8221;2642&#8243; img_size=&#8221;full&#8221;][\/vc_column_inner][\/vc_row_inner][\/vc_column][\/vc_row][vc_row bg_type=&#8221;grad&#8221; bg_grad=&#8221;background: -webkit-gradient(linear, left top, left bottom, color-stop(0%, #706A54), color-stop(100%, #999165));background: -moz-linear-gradient(left,#706A54 0%,#999165 100%);background: -webkit-linear-gradient(left,#706A54 0%,#999165 100%);background: -o-linear-gradient(left,#706A54 0%,#999165 100%);background: -ms-linear-gradient(left,#706A54 0%,#999165 100%);background: linear-gradient(left,#706A54 0%,#999165 100%);&#8221; css=&#8221;.vc_custom_1556024542721{padding-top: 5% !important;padding-right: 5% !important;padding-bottom: 5% !important;padding-left: 5% !important;}&#8221;][vc_column][vc_row_inner][vc_column_inner width=&#8221;1\/4&#8243;][\/vc_column_inner][vc_column_inner width=&#8221;1\/2&#8243;]<div id=\"ultimate-heading-763769e4eef7b8c6a\" class=\"uvc-heading ult-adjust-bottom-margin ultimate-heading-763769e4eef7b8c6a uvc-8227 \" data-hspacer=\"no_spacer\"  data-halign=\"center\" style=\"text-align:center\"><div class=\"uvc-heading-spacer no_spacer\" style=\"top\"><\/div><div class=\"uvc-main-heading ult-responsive\"  data-ultimate-target='.uvc-heading.ultimate-heading-763769e4eef7b8c6a h2'  data-responsive-json-new='{\"font-size\":\"\",\"line-height\":\"desktop:45px;\"}' ><h2 style=\"--font-weight:theme;color:#ffffff;margin-bottom:50px;\">Every donation helps<\/h2><\/div><div class=\"uvc-sub-heading ult-responsive\"  data-ultimate-target='.uvc-heading.ultimate-heading-763769e4eef7b8c6a .uvc-sub-heading '  data-responsive-json-new='{\"font-size\":\"\",\"line-height\":\"\"}'  style=\"font-weight:normal;color:#ffffff;\">The St. Martin Foundation is an independent Swiss aid organisation that secures the financing of drinking water projects. In order to continue the activities of the \u201cWater is Life\u201d project in Cameroon, it relies on donations from companies, organisations and private individuals.<\/div><\/div><style type=\"text\/css\" data-type=\"the7_shortcodes-inline-css\">#default-btn-a2d113a2835d57f25374e58a72c4101d {\n  border-radius: 4px;\n  font-size: 22px;\n  line-height: 24px;\n}\n.btn-shadow#default-btn-a2d113a2835d57f25374e58a72c4101d {\n  box-shadow: 0 1px 6px rgba(0,0,0,0.12);\n  transition: box-shadow 0.2s ease-out, opacity 0.45s;\n}\n.btn-shadow#default-btn-a2d113a2835d57f25374e58a72c4101d:hover {\n  box-shadow: 0 5px 11px 0 rgba(0,0,0,0.18), 0 4px 15px 0 rgba(0,0,0,0.15);\n}\n.btn-3d#default-btn-a2d113a2835d57f25374e58a72c4101d {\n  box-shadow: 0px 2px 0px 0px #e0e0e0;\n}\n.btn-flat#default-btn-a2d113a2835d57f25374e58a72c4101d {\n  box-shadow: none;\n}\n.btn-flat#default-btn-a2d113a2835d57f25374e58a72c4101d:hover {\n  box-shadow: none;\n}\n#default-btn-a2d113a2835d57f25374e58a72c4101d.ico-right-side > i {\n  margin-right: 0px;\n  margin-left: 8px;\n}\n#default-btn-a2d113a2835d57f25374e58a72c4101d > i {\n  margin-right: 8px;\n  font-size: 22px;\n}\n#default-btn-a2d113a2835d57f25374e58a72c4101d:not(:hover) {\n  border-width: 0px;\n  color: #999165;\n  background: #ffffff !important;\n  padding: 20px 24px 18px 24px;\n}\n#default-btn-a2d113a2835d57f25374e58a72c4101d:not(:hover) * {\n  color: #999165;\n}\n#default-btn-a2d113a2835d57f25374e58a72c4101d:hover {\n  border-width: 0px;\n  padding: 20px 24px 18px 24px;\n}\n#default-btn-a2d113a2835d57f25374e58a72c4101d.ico-right-side > i {\n  margin-right: 0px;\n  margin-left: 8px;\n}\n#default-btn-a2d113a2835d57f25374e58a72c4101d > i {\n  margin-right: 8px;\n}<\/style><div class=\"btn-align-center\"><a href=\"https:\/\/martinstiftung.ch\/en\/donations\/\" class=\"default-btn-shortcode dt-btn link-hover-off btn-flat  vc_custom_1742378747664\" target=\"_blank\" id=\"default-btn-a2d113a2835d57f25374e58a72c4101d\" rel=\"noopener\"><span>Donate here<\/span><\/a><\/div>[\/vc_column_inner][vc_column_inner width=&#8221;1\/4&#8243;][\/vc_column_inner][\/vc_row_inner][vc_row_inner el_class=&#8221;sma_donations_content&#8221;][vc_column_inner el_class=&#8221;sma-donation-right-align&#8221; width=&#8221;1\/3&#8243;][vc_column_text]<strong>Bank<\/strong><\/p>\n<p>Luzerner Kantonalbank<br \/>\nCH-6002 Luzern[\/vc_column_text][\/vc_column_inner][vc_column_inner width=&#8221;1\/3&#8243;][vc_column_text]<\/p>\n<p style=\"text-align: center;\"><strong>Beneficiary<\/strong><\/p>\n<p style=\"text-align: center;\">Stiftung St. Martin<br \/>\nNeuhofstrasse 10<br \/>\nCH-6340 Baar<\/p>\n<p>[\/vc_column_text][\/vc_column_inner][vc_column_inner el_class=&#8221;sma-donation-left-align&#8221; width=&#8221;1\/3&#8243;][vc_column_text]<strong>IBAN<\/strong><\/p>\n<p><strong>CHF<\/strong>\u00a0IBAN CH81 0077 8010 0159 3070 9<br \/>\n<strong>EUR<\/strong>\u00a0IBAN CH61 0077 8010 0564 4050 0[\/vc_column_text][\/vc_column_inner][\/vc_row_inner][\/vc_column][\/vc_row]<\/p>\n<\/div>","protected":false},"excerpt":{"rendered":"<p>[vc_row type=&#8221;vc_default&#8221;][vc_column][vc_row_inner equal_height=&#8221;yes&#8221; gap=&#8221;15&#8243;][vc_column_inner][vc_column_text css=&#8221;&#8221;]The \u201cWater is Life\u201d project was launched on the initiative of Urs Egli, a Benedictine priest from Engelberg, who died in 2015. During his time as a missionary in Ot\u00e9l\u00e9 from 1955 to 2012, he found himself confronted with a high infant mortality rate and a population that was in very&hellip;<\/p>\n","protected":false},"author":1,"featured_media":0,"parent":0,"menu_order":0,"comment_status":"closed","ping_status":"open","template":"","meta":{"footnotes":""},"class_list":["post-4370","page","type-page","status-publish","hentry","description-off"],"yoast_head":"<!-- This site is optimized with the Yoast SEO plugin v27.4 - https:\/\/yoast.com\/product\/yoast-seo-wordpress\/ -->\n<title>The \u00abWater is Life\u00bb project - Stiftung St. Martin<\/title>\n<meta name=\"robots\" content=\"index, follow, max-snippet:-1, max-image-preview:large, max-video-preview:-1\" \/>\n<link rel=\"canonical\" href=\"https:\/\/martinstiftung.ch\/en\/the-water-is-life-project\/\" \/>\n<meta property=\"og:locale\" content=\"en_US\" \/>\n<meta property=\"og:type\" content=\"article\" \/>\n<meta property=\"og:title\" content=\"The \u00abWater is Life\u00bb project - Stiftung St. Martin\" \/>\n<meta property=\"og:description\" content=\"[vc_row type=&#8221;vc_default&#8221;][vc_column][vc_row_inner equal_height=&#8221;yes&#8221; gap=&#8221;15&#8243;][vc_column_inner][vc_column_text css=&#8221;&#8221;]The \u201cWater is Life\u201d project was launched on the initiative of Urs Egli, a Benedictine priest from Engelberg, who died in 2015. During his time as a missionary in Ot\u00e9l\u00e9 from 1955 to 2012, he found himself confronted with a high infant mortality rate and a population that was in very&hellip;\" \/>\n<meta property=\"og:url\" content=\"https:\/\/martinstiftung.ch\/en\/the-water-is-life-project\/\" \/>\n<meta property=\"og:site_name\" content=\"Stiftung St. Martin\" \/>\n<meta property=\"article:modified_time\" content=\"2025-03-19T10:06:16+00:00\" \/>\n<meta name=\"twitter:card\" content=\"summary_large_image\" \/>\n<meta name=\"twitter:label1\" content=\"Est. reading time\" \/>\n\t<meta name=\"twitter:data1\" content=\"8 minutes\" \/>\n<script type=\"application\/ld+json\" class=\"yoast-schema-graph\">{\"@context\":\"https:\\\/\\\/schema.org\",\"@graph\":[{\"@type\":\"WebPage\",\"@id\":\"https:\\\/\\\/martinstiftung.ch\\\/en\\\/the-water-is-life-project\\\/\",\"url\":\"https:\\\/\\\/martinstiftung.ch\\\/en\\\/the-water-is-life-project\\\/\",\"name\":\"The \u00abWater is Life\u00bb project - Stiftung St. Martin\",\"isPartOf\":{\"@id\":\"https:\\\/\\\/martinstiftung.ch\\\/en\\\/#website\"},\"datePublished\":\"2019-02-08T08:58:58+00:00\",\"dateModified\":\"2025-03-19T10:06:16+00:00\",\"breadcrumb\":{\"@id\":\"https:\\\/\\\/martinstiftung.ch\\\/en\\\/the-water-is-life-project\\\/#breadcrumb\"},\"inLanguage\":\"en-US\",\"potentialAction\":[{\"@type\":\"ReadAction\",\"target\":[\"https:\\\/\\\/martinstiftung.ch\\\/en\\\/the-water-is-life-project\\\/\"]}]},{\"@type\":\"BreadcrumbList\",\"@id\":\"https:\\\/\\\/martinstiftung.ch\\\/en\\\/the-water-is-life-project\\\/#breadcrumb\",\"itemListElement\":[{\"@type\":\"ListItem\",\"position\":1,\"name\":\"Startseite\",\"item\":\"https:\\\/\\\/martinstiftung.ch\\\/en\\\/\"},{\"@type\":\"ListItem\",\"position\":2,\"name\":\"The \u00abWater is Life\u00bb project\"}]},{\"@type\":\"WebSite\",\"@id\":\"https:\\\/\\\/martinstiftung.ch\\\/en\\\/#website\",\"url\":\"https:\\\/\\\/martinstiftung.ch\\\/en\\\/\",\"name\":\"Stiftung St. Martin\",\"description\":\"Wasser ist Leben\",\"potentialAction\":[{\"@type\":\"SearchAction\",\"target\":{\"@type\":\"EntryPoint\",\"urlTemplate\":\"https:\\\/\\\/martinstiftung.ch\\\/en\\\/?s={search_term_string}\"},\"query-input\":{\"@type\":\"PropertyValueSpecification\",\"valueRequired\":true,\"valueName\":\"search_term_string\"}}],\"inLanguage\":\"en-US\"}]}<\/script>\n<!-- \/ Yoast SEO plugin. -->","yoast_head_json":{"title":"The \u00abWater is Life\u00bb project - Stiftung St. Martin","robots":{"index":"index","follow":"follow","max-snippet":"max-snippet:-1","max-image-preview":"max-image-preview:large","max-video-preview":"max-video-preview:-1"},"canonical":"https:\/\/martinstiftung.ch\/en\/the-water-is-life-project\/","og_locale":"en_US","og_type":"article","og_title":"The \u00abWater is Life\u00bb project - Stiftung St. Martin","og_description":"[vc_row type=&#8221;vc_default&#8221;][vc_column][vc_row_inner equal_height=&#8221;yes&#8221; gap=&#8221;15&#8243;][vc_column_inner][vc_column_text css=&#8221;&#8221;]The \u201cWater is Life\u201d project was launched on the initiative of Urs Egli, a Benedictine priest from Engelberg, who died in 2015. During his time as a missionary in Ot\u00e9l\u00e9 from 1955 to 2012, he found himself confronted with a high infant mortality rate and a population that was in very&hellip;","og_url":"https:\/\/martinstiftung.ch\/en\/the-water-is-life-project\/","og_site_name":"Stiftung St. Martin","article_modified_time":"2025-03-19T10:06:16+00:00","twitter_card":"summary_large_image","twitter_misc":{"Est. reading time":"8 minutes"},"schema":{"@context":"https:\/\/schema.org","@graph":[{"@type":"WebPage","@id":"https:\/\/martinstiftung.ch\/en\/the-water-is-life-project\/","url":"https:\/\/martinstiftung.ch\/en\/the-water-is-life-project\/","name":"The \u00abWater is Life\u00bb project - Stiftung St. Martin","isPartOf":{"@id":"https:\/\/martinstiftung.ch\/en\/#website"},"datePublished":"2019-02-08T08:58:58+00:00","dateModified":"2025-03-19T10:06:16+00:00","breadcrumb":{"@id":"https:\/\/martinstiftung.ch\/en\/the-water-is-life-project\/#breadcrumb"},"inLanguage":"en-US","potentialAction":[{"@type":"ReadAction","target":["https:\/\/martinstiftung.ch\/en\/the-water-is-life-project\/"]}]},{"@type":"BreadcrumbList","@id":"https:\/\/martinstiftung.ch\/en\/the-water-is-life-project\/#breadcrumb","itemListElement":[{"@type":"ListItem","position":1,"name":"Startseite","item":"https:\/\/martinstiftung.ch\/en\/"},{"@type":"ListItem","position":2,"name":"The \u00abWater is Life\u00bb project"}]},{"@type":"WebSite","@id":"https:\/\/martinstiftung.ch\/en\/#website","url":"https:\/\/martinstiftung.ch\/en\/","name":"Stiftung St. Martin","description":"Wasser ist Leben","potentialAction":[{"@type":"SearchAction","target":{"@type":"EntryPoint","urlTemplate":"https:\/\/martinstiftung.ch\/en\/?s={search_term_string}"},"query-input":{"@type":"PropertyValueSpecification","valueRequired":true,"valueName":"search_term_string"}}],"inLanguage":"en-US"}]}},"_links":{"self":[{"href":"https:\/\/martinstiftung.ch\/en\/wp-json\/wp\/v2\/pages\/4370","targetHints":{"allow":["GET"]}}],"collection":[{"href":"https:\/\/martinstiftung.ch\/en\/wp-json\/wp\/v2\/pages"}],"about":[{"href":"https:\/\/martinstiftung.ch\/en\/wp-json\/wp\/v2\/types\/page"}],"author":[{"embeddable":true,"href":"https:\/\/martinstiftung.ch\/en\/wp-json\/wp\/v2\/users\/1"}],"replies":[{"embeddable":true,"href":"https:\/\/martinstiftung.ch\/en\/wp-json\/wp\/v2\/comments?post=4370"}],"version-history":[{"count":0,"href":"https:\/\/martinstiftung.ch\/en\/wp-json\/wp\/v2\/pages\/4370\/revisions"}],"wp:attachment":[{"href":"https:\/\/martinstiftung.ch\/en\/wp-json\/wp\/v2\/media?parent=4370"}],"curies":[{"name":"wp","href":"https:\/\/api.w.org\/{rel}","templated":true}]}}