{"id":4375,"date":"2019-02-08T10:13:17","date_gmt":"2019-02-08T09:13:17","guid":{"rendered":"https:\/\/martinstiftung.ch\/all\/bienvenue\/"},"modified":"2022-01-13T14:04:42","modified_gmt":"2022-01-13T13:04:42","slug":"bienvenue","status":"publish","type":"page","link":"https:\/\/martinstiftung.ch\/fr\/","title":{"rendered":"Home"},"content":{"rendered":"<div class=\"wpb-content-wrapper\"><p>[vc_row][vc_column][\/vc_column][\/vc_row]<\/p>\n<\/div>","protected":false},"excerpt":{"rendered":"<p>[vc_row][vc_column][\/vc_column][\/vc_row]<\/p>\n","protected":false},"author":1,"featured_media":0,"parent":0,"menu_order":0,"comment_status":"closed","ping_status":"open","template":"template-microsite.php","meta":{"footnotes":""},"class_list":["post-4375","page","type-page","status-publish","hentry","description-off"],"yoast_head":"<!-- This site is optimized with the Yoast SEO plugin v27.3 - https:\/\/yoast.com\/product\/yoast-seo-wordpress\/ -->\n<title>Home - Stiftung St. Martin<\/title>\n<meta name=\"description\" content=\"Le point central de la fondation St. Martin r\u00e9side dans son projet \u00abL\u2019eau c\u2019est la vie\u00bb \u00e0 Ot\u00e9l\u00e9 au Cameroun, dont elle assure le financement et le fonctionnement. La fondation peut aussi \u00eatre active dans le monde entier et soutient sporadiquement d\u2019autres projets de solidarit\u00e9. Elle aide les hommes dans diff\u00e9rents pays en voie de d\u00e9veloppement en particulier lorsqu\u2019il s\u2019agit de l\u2019approvisionnement en eau potable.\" \/>\n<meta name=\"robots\" content=\"index, follow, max-snippet:-1, max-image-preview:large, max-video-preview:-1\" \/>\n<link rel=\"canonical\" href=\"https:\/\/martinstiftung.ch\/fr\/\" \/>\n<meta property=\"og:locale\" content=\"fr_FR\" \/>\n<meta property=\"og:type\" content=\"article\" \/>\n<meta property=\"og:title\" content=\"Home - Stiftung St. Martin\" \/>\n<meta property=\"og:description\" content=\"Le point central de la fondation St. Martin r\u00e9side dans son projet \u00abL\u2019eau c\u2019est la vie\u00bb \u00e0 Ot\u00e9l\u00e9 au Cameroun, dont elle assure le financement et le fonctionnement. La fondation peut aussi \u00eatre active dans le monde entier et soutient sporadiquement d\u2019autres projets de solidarit\u00e9. Elle aide les hommes dans diff\u00e9rents pays en voie de d\u00e9veloppement en particulier lorsqu\u2019il s\u2019agit de l\u2019approvisionnement en eau potable.\" \/>\n<meta property=\"og:url\" content=\"https:\/\/martinstiftung.ch\/fr\/\" \/>\n<meta property=\"og:site_name\" content=\"Stiftung St. Martin\" \/>\n<meta property=\"article:modified_time\" content=\"2022-01-13T13:04:42+00:00\" \/>\n<meta name=\"twitter:card\" content=\"summary_large_image\" \/>\n<script type=\"application\/ld+json\" class=\"yoast-schema-graph\">{\"@context\":\"https:\\\/\\\/schema.org\",\"@graph\":[{\"@type\":\"WebPage\",\"@id\":\"https:\\\/\\\/martinstiftung.ch\\\/fr\\\/\",\"url\":\"https:\\\/\\\/martinstiftung.ch\\\/fr\\\/\",\"name\":\"Home - Stiftung St. Martin\",\"isPartOf\":{\"@id\":\"https:\\\/\\\/martinstiftung.ch\\\/fr\\\/#website\"},\"datePublished\":\"2019-02-08T09:13:17+00:00\",\"dateModified\":\"2022-01-13T13:04:42+00:00\",\"description\":\"Le point central de la fondation St. Martin r\u00e9side dans son projet \u00abL\u2019eau c\u2019est la vie\u00bb \u00e0 Ot\u00e9l\u00e9 au Cameroun, dont elle assure le financement et le fonctionnement. La fondation peut aussi \u00eatre active dans le monde entier et soutient sporadiquement d\u2019autres projets de solidarit\u00e9. Elle aide les hommes dans diff\u00e9rents pays en voie de d\u00e9veloppement en particulier lorsqu\u2019il s\u2019agit de l\u2019approvisionnement en eau potable.\",\"breadcrumb\":{\"@id\":\"https:\\\/\\\/martinstiftung.ch\\\/fr\\\/#breadcrumb\"},\"inLanguage\":\"fr-FR\",\"potentialAction\":[{\"@type\":\"ReadAction\",\"target\":[\"https:\\\/\\\/martinstiftung.ch\\\/fr\\\/\"]}]},{\"@type\":\"BreadcrumbList\",\"@id\":\"https:\\\/\\\/martinstiftung.ch\\\/fr\\\/#breadcrumb\",\"itemListElement\":[{\"@type\":\"ListItem\",\"position\":1,\"name\":\"Startseite\",\"item\":\"https:\\\/\\\/martinstiftung.ch\\\/fr\\\/\"},{\"@type\":\"ListItem\",\"position\":2,\"name\":\"Home\"}]},{\"@type\":\"WebSite\",\"@id\":\"https:\\\/\\\/martinstiftung.ch\\\/fr\\\/#website\",\"url\":\"https:\\\/\\\/martinstiftung.ch\\\/fr\\\/\",\"name\":\"Stiftung St. Martin\",\"description\":\"Wasser ist Leben\",\"potentialAction\":[{\"@type\":\"SearchAction\",\"target\":{\"@type\":\"EntryPoint\",\"urlTemplate\":\"https:\\\/\\\/martinstiftung.ch\\\/fr\\\/?s={search_term_string}\"},\"query-input\":{\"@type\":\"PropertyValueSpecification\",\"valueRequired\":true,\"valueName\":\"search_term_string\"}}],\"inLanguage\":\"fr-FR\"}]}<\/script>\n<!-- \/ Yoast SEO plugin. -->","yoast_head_json":{"title":"Home - Stiftung St. Martin","description":"Le point central de la fondation St. Martin r\u00e9side dans son projet \u00abL\u2019eau c\u2019est la vie\u00bb \u00e0 Ot\u00e9l\u00e9 au Cameroun, dont elle assure le financement et le fonctionnement. La fondation peut aussi \u00eatre active dans le monde entier et soutient sporadiquement d\u2019autres projets de solidarit\u00e9. Elle aide les hommes dans diff\u00e9rents pays en voie de d\u00e9veloppement en particulier lorsqu\u2019il s\u2019agit de l\u2019approvisionnement en eau potable.","robots":{"index":"index","follow":"follow","max-snippet":"max-snippet:-1","max-image-preview":"max-image-preview:large","max-video-preview":"max-video-preview:-1"},"canonical":"https:\/\/martinstiftung.ch\/fr\/","og_locale":"fr_FR","og_type":"article","og_title":"Home - Stiftung St. Martin","og_description":"Le point central de la fondation St. Martin r\u00e9side dans son projet \u00abL\u2019eau c\u2019est la vie\u00bb \u00e0 Ot\u00e9l\u00e9 au Cameroun, dont elle assure le financement et le fonctionnement. La fondation peut aussi \u00eatre active dans le monde entier et soutient sporadiquement d\u2019autres projets de solidarit\u00e9. Elle aide les hommes dans diff\u00e9rents pays en voie de d\u00e9veloppement en particulier lorsqu\u2019il s\u2019agit de l\u2019approvisionnement en eau potable.","og_url":"https:\/\/martinstiftung.ch\/fr\/","og_site_name":"Stiftung St. Martin","article_modified_time":"2022-01-13T13:04:42+00:00","twitter_card":"summary_large_image","schema":{"@context":"https:\/\/schema.org","@graph":[{"@type":"WebPage","@id":"https:\/\/martinstiftung.ch\/fr\/","url":"https:\/\/martinstiftung.ch\/fr\/","name":"Home - Stiftung St. Martin","isPartOf":{"@id":"https:\/\/martinstiftung.ch\/fr\/#website"},"datePublished":"2019-02-08T09:13:17+00:00","dateModified":"2022-01-13T13:04:42+00:00","description":"Le point central de la fondation St. Martin r\u00e9side dans son projet \u00abL\u2019eau c\u2019est la vie\u00bb \u00e0 Ot\u00e9l\u00e9 au Cameroun, dont elle assure le financement et le fonctionnement. La fondation peut aussi \u00eatre active dans le monde entier et soutient sporadiquement d\u2019autres projets de solidarit\u00e9. Elle aide les hommes dans diff\u00e9rents pays en voie de d\u00e9veloppement en particulier lorsqu\u2019il s\u2019agit de l\u2019approvisionnement en eau potable.","breadcrumb":{"@id":"https:\/\/martinstiftung.ch\/fr\/#breadcrumb"},"inLanguage":"fr-FR","potentialAction":[{"@type":"ReadAction","target":["https:\/\/martinstiftung.ch\/fr\/"]}]},{"@type":"BreadcrumbList","@id":"https:\/\/martinstiftung.ch\/fr\/#breadcrumb","itemListElement":[{"@type":"ListItem","position":1,"name":"Startseite","item":"https:\/\/martinstiftung.ch\/fr\/"},{"@type":"ListItem","position":2,"name":"Home"}]},{"@type":"WebSite","@id":"https:\/\/martinstiftung.ch\/fr\/#website","url":"https:\/\/martinstiftung.ch\/fr\/","name":"Stiftung St. Martin","description":"Wasser ist Leben","potentialAction":[{"@type":"SearchAction","target":{"@type":"EntryPoint","urlTemplate":"https:\/\/martinstiftung.ch\/fr\/?s={search_term_string}"},"query-input":{"@type":"PropertyValueSpecification","valueRequired":true,"valueName":"search_term_string"}}],"inLanguage":"fr-FR"}]}},"_links":{"self":[{"href":"https:\/\/martinstiftung.ch\/fr\/wp-json\/wp\/v2\/pages\/4375","targetHints":{"allow":["GET"]}}],"collection":[{"href":"https:\/\/martinstiftung.ch\/fr\/wp-json\/wp\/v2\/pages"}],"about":[{"href":"https:\/\/martinstiftung.ch\/fr\/wp-json\/wp\/v2\/types\/page"}],"author":[{"embeddable":true,"href":"https:\/\/martinstiftung.ch\/fr\/wp-json\/wp\/v2\/users\/1"}],"replies":[{"embeddable":true,"href":"https:\/\/martinstiftung.ch\/fr\/wp-json\/wp\/v2\/comments?post=4375"}],"version-history":[{"count":0,"href":"https:\/\/martinstiftung.ch\/fr\/wp-json\/wp\/v2\/pages\/4375\/revisions"}],"wp:attachment":[{"href":"https:\/\/martinstiftung.ch\/fr\/wp-json\/wp\/v2\/media?parent=4375"}],"curies":[{"name":"wp","href":"https:\/\/api.w.org\/{rel}","templated":true}]}}